{"id":17,"date":"2006-10-13T11:54:02","date_gmt":"2006-10-13T08:54:02","guid":{"rendered":"http:\/\/start.tihai.md\/?page_id=17"},"modified":"2016-06-04T23:48:17","modified_gmt":"2016-06-04T20:48:17","slug":"about","status":"publish","type":"page","link":"https:\/\/www.namashco.com\/blog\/about\/","title":{"rendered":"Vladislav Nama\u0219co"},"content":{"rendered":"<p>Titlul acestui compartiment, de fapt este numele meu. Numele care este indicat prin toate documentele oficiale \u015fi neoficiale. De\u015fi, cred c\u0103 numele de familie \u201eNama\u0219co\u201d nu este cel care trebuie s\u0103 fie, presupun c\u0103 el a evoluat pe parcursul anilor sub presiunea politicii \u015fi analfabetismului ocupan\u0163ilor. Dar, asta e o alt\u0103 istorie.<\/p>\n<p>Sunt moldovean, n\u0103scut la Chi\u015fin\u0103u, dar care \u015fi-a petrecut toat\u0103 copil\u0103ria la Tiraspol. Un loc permanent de trai nu am, hoin\u0103resc \u00eentre aceste dou\u0103 ora\u015fe moldave.<\/p>\n<h3>Studii<\/h3>\n<p>Sunt absolvent al Universit\u0103\u0163ii Tehnice a Moldovei, Facultatea Calculatoare, Informatic\u0103 \u015fi Microelectronic\u0103, specialitatea Tehnologii Informa\u0163ionale, cu tema la teza de licen\u0163\u0103 \u201cInterac\u0163iunea Om-Computer: ergonomia interfe\u0163elor web\u201d. Anterior absolvisem liceul &#8220;Spiru Haret&#8221; din Chi\u015fin\u0103u \u0219i \u0219coala 20 din Tiraspol.<\/p>\n<p>\u00cens\u0103, cele mai importante cuno\u015ftin\u0163e \u0219i deprinderi le-am c\u0103p\u0103tat de la p\u0103rin\u0163i.<\/p>\n<h3>Experien\u021b\u0103 de lucru<\/h3>\n<p>Activez \u00een mediul online \u00eencep\u00eend cu anul 2002. Domeniile principale de activitate fiind: UI \u0219i Web designer, coder, manager de proiecte.<\/p>\n","protected":false},"excerpt":{"rendered":"<p>Titlul acestui compartiment, de fapt este numele meu. Numele care este indicat prin toate documentele oficiale \u015fi neoficiale. De\u015fi, cred c\u0103 numele de familie \u201eNama\u0219co\u201d nu este cel care trebuie s\u0103 fie, presupun c\u0103 el a evoluat pe parcursul anilor sub presiunea politicii \u015fi analfabetismului ocupan\u0163ilor. Dar, asta e o alt\u0103 istorie. Sunt moldovean, n\u0103scut [&hellip;]<\/p>\n","protected":false},"author":2,"featured_media":0,"parent":0,"menu_order":0,"comment_status":"closed","ping_status":"closed","template":"","meta":{"footnotes":""},"class_list":["post-17","page","type-page","status-publish","hentry"],"_links":{"self":[{"href":"https:\/\/www.namashco.com\/blog\/wp-json\/wp\/v2\/pages\/17","targetHints":{"allow":["GET"]}}],"collection":[{"href":"https:\/\/www.namashco.com\/blog\/wp-json\/wp\/v2\/pages"}],"about":[{"href":"https:\/\/www.namashco.com\/blog\/wp-json\/wp\/v2\/types\/page"}],"author":[{"embeddable":true,"href":"https:\/\/www.namashco.com\/blog\/wp-json\/wp\/v2\/users\/2"}],"replies":[{"embeddable":true,"href":"https:\/\/www.namashco.com\/blog\/wp-json\/wp\/v2\/comments?post=17"}],"version-history":[{"count":8,"href":"https:\/\/www.namashco.com\/blog\/wp-json\/wp\/v2\/pages\/17\/revisions"}],"predecessor-version":[{"id":499,"href":"https:\/\/www.namashco.com\/blog\/wp-json\/wp\/v2\/pages\/17\/revisions\/499"}],"wp:attachment":[{"href":"https:\/\/www.namashco.com\/blog\/wp-json\/wp\/v2\/media?parent=17"}],"curies":[{"name":"wp","href":"https:\/\/api.w.org\/{rel}","templated":true}]}}